{"id":73,"date":"2018-10-23T08:32:35","date_gmt":"2018-10-23T08:32:35","guid":{"rendered":"https:\/\/futuriodemos.com\/default-demo\/?page_id=72"},"modified":"2026-03-31T07:49:46","modified_gmt":"2026-03-31T05:49:46","slug":"contact","status":"publish","type":"page","link":"https:\/\/suitablesolutions.it\/en\/contact\/","title":{"rendered":"Contact"},"content":{"rendered":"<div data-elementor-type=\"wp-post\" data-elementor-id=\"73\" class=\"elementor elementor-73\" data-elementor-post-type=\"page\">\n\t\t\t\t\t\t<section class=\"elementor-section elementor-top-section elementor-element elementor-element-3d53e194 elementor-section-full_width elementor-section-stretched elementor-section-height-default elementor-section-height-default\" data-id=\"3d53e194\" data-element_type=\"section\" data-e-type=\"section\" data-settings=\"{&quot;stretch_section&quot;:&quot;section-stretched&quot;}\">\n\t\t\t\t\t\t<div class=\"elementor-container elementor-column-gap-no\">\n\t\t\t\t\t<div class=\"elementor-column elementor-col-100 elementor-top-column elementor-element elementor-element-100d57f1\" data-id=\"100d57f1\" data-element_type=\"column\" data-e-type=\"column\">\n\t\t\t<div class=\"elementor-widget-wrap elementor-element-populated\">\n\t\t\t\t\t\t<div class=\"elementor-element elementor-element-441c0160 elementor-widget elementor-widget-google_maps\" data-id=\"441c0160\" data-element_type=\"widget\" data-e-type=\"widget\" data-widget_type=\"google_maps.default\">\n\t\t\t\t<div class=\"elementor-widget-container\">\n\t\t\t\t\t\t\t<div class=\"elementor-custom-embed\">\n\t\t\t<iframe loading=\"lazy\"\n\t\t\t\t\tsrc=\"https:\/\/maps.google.com\/maps?q=Frankfurt%20am%20Main%2C%20Frauehnhofstra%C3%9Fe&#038;t=m&#038;z=12&#038;output=embed&#038;iwloc=near\"\n\t\t\t\t\ttitle=\"Frankfurt am Main, Frauehnhofstra\u00dfe\"\n\t\t\t\t\taria-label=\"Frankfurt am Main, Frauehnhofstra\u00dfe\"\n\t\t\t><\/iframe>\n\t\t<\/div>\n\t\t\t\t\t\t<\/div>\n\t\t\t\t<\/div>\n\t\t\t\t\t<\/div>\n\t\t<\/div>\n\t\t\t\t\t<\/div>\n\t\t<\/section>\n\t\t\t\t<section class=\"elementor-section elementor-top-section elementor-element elementor-element-e418a57 elementor-section-stretched elementor-section-content-middle elementor-section-height-full elementor-section-boxed elementor-section-height-default elementor-section-items-middle\" data-id=\"e418a57\" data-element_type=\"section\" data-e-type=\"section\" data-settings=\"{&quot;stretch_section&quot;:&quot;section-stretched&quot;,&quot;background_background&quot;:&quot;classic&quot;}\">\n\t\t\t\t\t\t<div class=\"elementor-container elementor-column-gap-default\">\n\t\t\t\t\t<div class=\"elementor-column elementor-col-100 elementor-top-column elementor-element elementor-element-010629f elementor-invisible\" data-id=\"010629f\" data-element_type=\"column\" data-e-type=\"column\" data-settings=\"{&quot;animation&quot;:&quot;slideInLeft&quot;}\">\n\t\t\t<div class=\"elementor-widget-wrap elementor-element-populated\">\n\t\t\t\t\t\t<section class=\"elementor-section elementor-inner-section elementor-element elementor-element-6cce9d5 elementor-section-boxed elementor-section-height-default elementor-section-height-default\" data-id=\"6cce9d5\" data-element_type=\"section\" data-e-type=\"section\">\n\t\t\t\t\t\t<div class=\"elementor-container elementor-column-gap-default\">\n\t\t\t\t\t<div class=\"elementor-column elementor-col-100 elementor-inner-column elementor-element elementor-element-9a08bc5\" data-id=\"9a08bc5\" data-element_type=\"column\" data-e-type=\"column\">\n\t\t\t<div class=\"elementor-widget-wrap elementor-element-populated\">\n\t\t\t\t\t\t<div class=\"elementor-element elementor-element-f81ab46 elementor-widget elementor-widget-heading\" data-id=\"f81ab46\" data-element_type=\"widget\" data-e-type=\"widget\" data-widget_type=\"heading.default\">\n\t\t\t\t<div class=\"elementor-widget-container\">\n\t\t\t\t\t<h2 class=\"elementor-heading-title elementor-size-default\"><h1 style=\"margin-top: 0px;margin-bottom: 0px;font-size: 26px;font-family: Lato, sans-serif;padding-bottom: 30px;text-transform: uppercase;letter-spacing: 2px;white-space: normal\">Contact us<\/h1><\/h2>\t\t\t\t<\/div>\n\t\t\t\t<\/div>\n\t\t\t\t<div class=\"elementor-element elementor-element-618df81 elementor-widget elementor-widget-text-editor\" data-id=\"618df81\" data-element_type=\"widget\" data-e-type=\"widget\" data-widget_type=\"text-editor.default\">\n\t\t\t\t<div class=\"elementor-widget-container\">\n\t\t\t\t\t\t\t\t\t<p><b>E-mail<\/b> to Marco.Keppens (at) suitablesolutions.it\u00a0<br \/><b>Tel.<\/b> (+49) 0163 \/ 86 77 033<\/p>\t\t\t\t\t\t\t\t<\/div>\n\t\t\t\t<\/div>\n\t\t\t\t\t<\/div>\n\t\t<\/div>\n\t\t\t\t\t<\/div>\n\t\t<\/section>\n\t\t\t\t<div class=\"elementor-element elementor-element-292dd28 elementor-widget elementor-widget-spacer\" data-id=\"292dd28\" data-element_type=\"widget\" data-e-type=\"widget\" data-widget_type=\"spacer.default\">\n\t\t\t\t<div class=\"elementor-widget-container\">\n\t\t\t\t\t\t\t<div class=\"elementor-spacer\">\n\t\t\t<div class=\"elementor-spacer-inner\"><\/div>\n\t\t<\/div>\n\t\t\t\t\t\t<\/div>\n\t\t\t\t<\/div>\n\t\t\t\t<section class=\"elementor-section elementor-inner-section elementor-element elementor-element-62af672 elementor-section-boxed elementor-section-height-default elementor-section-height-default\" data-id=\"62af672\" data-element_type=\"section\" data-e-type=\"section\">\n\t\t\t\t\t\t<div class=\"elementor-container elementor-column-gap-default\">\n\t\t\t\t\t<div class=\"elementor-column elementor-col-50 elementor-inner-column elementor-element elementor-element-d39fc83\" data-id=\"d39fc83\" data-element_type=\"column\" data-e-type=\"column\">\n\t\t\t<div class=\"elementor-widget-wrap elementor-element-populated\">\n\t\t\t\t\t\t<div class=\"elementor-element elementor-element-06bf052 elementor-widget elementor-widget-heading\" data-id=\"06bf052\" data-element_type=\"widget\" data-e-type=\"widget\" data-widget_type=\"heading.default\">\n\t\t\t\t<div class=\"elementor-widget-container\">\n\t\t\t\t\t<span class=\"elementor-heading-title elementor-size-default\">Legal notice<\/span>\t\t\t\t<\/div>\n\t\t\t\t<\/div>\n\t\t\t\t<div class=\"elementor-element elementor-element-2e94180 elementor-widget elementor-widget-text-editor\" data-id=\"2e94180\" data-element_type=\"widget\" data-e-type=\"widget\" data-widget_type=\"text-editor.default\">\n\t\t\t\t<div class=\"elementor-widget-container\">\n\t\t\t\t\t\t\t\t\t<p><b>suitable solutions IT UG<\/b> (haftungsbeschr\u00e4nkt) limited liability<\/p>\n<p>Bruchfeldstr. 33<br>60528 Frankfurt am Main<br>Marco.Keppens (at) suitablesolutions.it<\/p>\t\t\t\t\t\t\t\t<\/div>\n\t\t\t\t<\/div>\n\t\t\t\t\t<\/div>\n\t\t<\/div>\n\t\t\t\t<div class=\"elementor-column elementor-col-50 elementor-inner-column elementor-element elementor-element-efaa4c7\" data-id=\"efaa4c7\" data-element_type=\"column\" data-e-type=\"column\">\n\t\t\t<div class=\"elementor-widget-wrap elementor-element-populated\">\n\t\t\t\t\t\t<div class=\"elementor-element elementor-element-30d4b33 elementor-widget elementor-widget-text-editor\" data-id=\"30d4b33\" data-element_type=\"widget\" data-e-type=\"widget\" data-widget_type=\"text-editor.default\">\n\t\t\t\t<div class=\"elementor-widget-container\">\n\t\t\t\t\t\t\t\t\t<p><\/p>\n<p><b>&nbsp;<\/b><b style=\"letter-spacing: 0px;\">Managing director \/ shareholder<\/b><\/p>\n<p>Marco Keppens<br><span style=\"letter-spacing: 0px;\">Local court Frankfurt am Main<br><\/span><span style=\"letter-spacing: 0px;\">HRB 116556<br><\/span><span style=\"letter-spacing: 0px;\">VAT ID No.&nbsp;<\/span>DE 326503458<\/p>\n<p><\/p>\t\t\t\t\t\t\t\t<\/div>\n\t\t\t\t<\/div>\n\t\t\t\t\t<\/div>\n\t\t<\/div>\n\t\t\t\t\t<\/div>\n\t\t<\/section>\n\t\t\t\t<div class=\"elementor-element elementor-element-61e42a4 elementor-widget elementor-widget-spacer\" data-id=\"61e42a4\" data-element_type=\"widget\" data-e-type=\"widget\" data-widget_type=\"spacer.default\">\n\t\t\t\t<div class=\"elementor-widget-container\">\n\t\t\t\t\t\t\t<div class=\"elementor-spacer\">\n\t\t\t<div class=\"elementor-spacer-inner\"><\/div>\n\t\t<\/div>\n\t\t\t\t\t\t<\/div>\n\t\t\t\t<\/div>\n\t\t\t\t\t<\/div>\n\t\t<\/div>\n\t\t\t\t\t<\/div>\n\t\t<\/section>\n\t\t\t\t<\/div>","protected":false},"excerpt":{"rendered":"<p>Kontaktieren Sie uns E-Mail an Marco.Keppens (at) suitablesolutions.it\u00a0Tel. (+49) 0163 \/ 86 77 033 Impressum suitable solutions IT UG (haftungsbeschr\u00e4nkt) Bruchfeldstr. 3360528 Frankfurt am MainMarco.Keppens (at) suitablesolutions.it &nbsp;Gesch\u00e4ftsf\u00fchrer \/ Gesellschafter Marco KeppensAmtsgericht Frankfurt am MainHRB 116556USt.IdNr.&nbsp;DE 326503458<\/p>","protected":false},"author":1,"featured_media":0,"parent":0,"menu_order":0,"comment_status":"closed","ping_status":"closed","template":"","meta":{"footnotes":""},"class_list":["post-73","page","type-page","status-publish","hentry"],"yoast_head":"<!-- This site is optimized with the Yoast SEO plugin v27.3 - https:\/\/yoast.com\/product\/yoast-seo-wordpress\/ -->\n<title>Contact - suitable solutions IT<\/title>\n<meta name=\"robots\" content=\"index, follow, max-snippet:-1, max-image-preview:large, max-video-preview:-1\" \/>\n<link rel=\"canonical\" href=\"https:\/\/suitablesolutions.it\/en\/contact\/\" \/>\n<meta property=\"og:locale\" content=\"en_GB\" \/>\n<meta property=\"og:type\" content=\"article\" \/>\n<meta property=\"og:title\" content=\"Contact - suitable solutions IT\" \/>\n<meta property=\"og:description\" content=\"Kontaktieren Sie uns E-Mail an Marco.Keppens (at) suitablesolutions.it\u00a0Tel. (+49) 0163 \/ 86 77 033 Impressum suitable solutions IT UG (haftungsbeschr\u00e4nkt) Bruchfeldstr. 3360528 Frankfurt am MainMarco.Keppens (at) suitablesolutions.it &nbsp;Gesch\u00e4ftsf\u00fchrer \/ Gesellschafter Marco KeppensAmtsgericht Frankfurt am MainHRB 116556USt.IdNr.&nbsp;DE 326503458\" \/>\n<meta property=\"og:url\" content=\"https:\/\/suitablesolutions.it\/en\/contact\/\" \/>\n<meta property=\"og:site_name\" content=\"suitable solutions IT\" \/>\n<meta property=\"article:modified_time\" content=\"2026-03-31T05:49:46+00:00\" \/>\n<meta name=\"twitter:card\" content=\"summary_large_image\" \/>\n<meta name=\"twitter:label1\" content=\"Estimated reading time\" \/>\n\t<meta name=\"twitter:data1\" content=\"1 minute\" \/>\n<script type=\"application\/ld+json\" class=\"yoast-schema-graph\">{\"@context\":\"https:\\\/\\\/schema.org\",\"@graph\":[{\"@type\":\"WebPage\",\"@id\":\"https:\\\/\\\/suitablesolutions.it\\\/contact\\\/\",\"url\":\"https:\\\/\\\/suitablesolutions.it\\\/contact\\\/\",\"name\":\"Contact - suitable solutions IT\",\"isPartOf\":{\"@id\":\"https:\\\/\\\/suitablesolutions.it\\\/#website\"},\"datePublished\":\"2018-10-23T08:32:35+00:00\",\"dateModified\":\"2026-03-31T05:49:46+00:00\",\"breadcrumb\":{\"@id\":\"https:\\\/\\\/suitablesolutions.it\\\/contact\\\/#breadcrumb\"},\"inLanguage\":\"en-GB\",\"potentialAction\":[{\"@type\":\"ReadAction\",\"target\":[\"https:\\\/\\\/suitablesolutions.it\\\/contact\\\/\"]}]},{\"@type\":\"BreadcrumbList\",\"@id\":\"https:\\\/\\\/suitablesolutions.it\\\/contact\\\/#breadcrumb\",\"itemListElement\":[{\"@type\":\"ListItem\",\"position\":1,\"name\":\"Startseite\",\"item\":\"https:\\\/\\\/suitablesolutions.it\\\/\"},{\"@type\":\"ListItem\",\"position\":2,\"name\":\"Contact\"}]},{\"@type\":\"WebSite\",\"@id\":\"https:\\\/\\\/suitablesolutions.it\\\/#website\",\"url\":\"https:\\\/\\\/suitablesolutions.it\\\/\",\"name\":\"suitable solutions IT\",\"description\":\"UG (haftungsbeschr\u00e4nkt)\",\"publisher\":{\"@id\":\"https:\\\/\\\/suitablesolutions.it\\\/#organization\"},\"potentialAction\":[{\"@type\":\"SearchAction\",\"target\":{\"@type\":\"EntryPoint\",\"urlTemplate\":\"https:\\\/\\\/suitablesolutions.it\\\/?s={search_term_string}\"},\"query-input\":{\"@type\":\"PropertyValueSpecification\",\"valueRequired\":true,\"valueName\":\"search_term_string\"}}],\"inLanguage\":\"en-GB\"},{\"@type\":\"Organization\",\"@id\":\"https:\\\/\\\/suitablesolutions.it\\\/#organization\",\"name\":\"suitable solutions IT\",\"url\":\"https:\\\/\\\/suitablesolutions.it\\\/\",\"logo\":{\"@type\":\"ImageObject\",\"inLanguage\":\"en-GB\",\"@id\":\"https:\\\/\\\/suitablesolutions.it\\\/#\\\/schema\\\/logo\\\/image\\\/\",\"url\":\"https:\\\/\\\/suitablesolutions.it\\\/wp-content\\\/uploads\\\/2020\\\/08\\\/sitelogo.png\",\"contentUrl\":\"https:\\\/\\\/suitablesolutions.it\\\/wp-content\\\/uploads\\\/2020\\\/08\\\/sitelogo.png\",\"width\":232,\"height\":100,\"caption\":\"suitable solutions IT\"},\"image\":{\"@id\":\"https:\\\/\\\/suitablesolutions.it\\\/#\\\/schema\\\/logo\\\/image\\\/\"}}]}<\/script>\n<!-- \/ Yoast SEO plugin. -->","yoast_head_json":{"title":"Contact - suitable solutions IT","robots":{"index":"index","follow":"follow","max-snippet":"max-snippet:-1","max-image-preview":"max-image-preview:large","max-video-preview":"max-video-preview:-1"},"canonical":"https:\/\/suitablesolutions.it\/en\/contact\/","og_locale":"en_GB","og_type":"article","og_title":"Contact - suitable solutions IT","og_description":"Kontaktieren Sie uns E-Mail an Marco.Keppens (at) suitablesolutions.it\u00a0Tel. (+49) 0163 \/ 86 77 033 Impressum suitable solutions IT UG (haftungsbeschr\u00e4nkt) Bruchfeldstr. 3360528 Frankfurt am MainMarco.Keppens (at) suitablesolutions.it &nbsp;Gesch\u00e4ftsf\u00fchrer \/ Gesellschafter Marco KeppensAmtsgericht Frankfurt am MainHRB 116556USt.IdNr.&nbsp;DE 326503458","og_url":"https:\/\/suitablesolutions.it\/en\/contact\/","og_site_name":"suitable solutions IT","article_modified_time":"2026-03-31T05:49:46+00:00","twitter_card":"summary_large_image","twitter_misc":{"Estimated reading time":"1 minute"},"schema":{"@context":"https:\/\/schema.org","@graph":[{"@type":"WebPage","@id":"https:\/\/suitablesolutions.it\/contact\/","url":"https:\/\/suitablesolutions.it\/contact\/","name":"Contact - suitable solutions IT","isPartOf":{"@id":"https:\/\/suitablesolutions.it\/#website"},"datePublished":"2018-10-23T08:32:35+00:00","dateModified":"2026-03-31T05:49:46+00:00","breadcrumb":{"@id":"https:\/\/suitablesolutions.it\/contact\/#breadcrumb"},"inLanguage":"en-GB","potentialAction":[{"@type":"ReadAction","target":["https:\/\/suitablesolutions.it\/contact\/"]}]},{"@type":"BreadcrumbList","@id":"https:\/\/suitablesolutions.it\/contact\/#breadcrumb","itemListElement":[{"@type":"ListItem","position":1,"name":"Startseite","item":"https:\/\/suitablesolutions.it\/"},{"@type":"ListItem","position":2,"name":"Contact"}]},{"@type":"WebSite","@id":"https:\/\/suitablesolutions.it\/#website","url":"https:\/\/suitablesolutions.it\/","name":"suitable solutions IT","description":"UG (haftungsbeschr\u00e4nkt) limited liability","publisher":{"@id":"https:\/\/suitablesolutions.it\/#organization"},"potentialAction":[{"@type":"SearchAction","target":{"@type":"EntryPoint","urlTemplate":"https:\/\/suitablesolutions.it\/?s={search_term_string}"},"query-input":{"@type":"PropertyValueSpecification","valueRequired":true,"valueName":"search_term_string"}}],"inLanguage":"en-GB"},{"@type":"Organization","@id":"https:\/\/suitablesolutions.it\/#organization","name":"suitable solutions IT","url":"https:\/\/suitablesolutions.it\/","logo":{"@type":"ImageObject","inLanguage":"en-GB","@id":"https:\/\/suitablesolutions.it\/#\/schema\/logo\/image\/","url":"https:\/\/suitablesolutions.it\/wp-content\/uploads\/2020\/08\/sitelogo.png","contentUrl":"https:\/\/suitablesolutions.it\/wp-content\/uploads\/2020\/08\/sitelogo.png","width":232,"height":100,"caption":"suitable solutions IT"},"image":{"@id":"https:\/\/suitablesolutions.it\/#\/schema\/logo\/image\/"}}]}},"_links":{"self":[{"href":"https:\/\/suitablesolutions.it\/en\/wp-json\/wp\/v2\/pages\/73","targetHints":{"allow":["GET"]}}],"collection":[{"href":"https:\/\/suitablesolutions.it\/en\/wp-json\/wp\/v2\/pages"}],"about":[{"href":"https:\/\/suitablesolutions.it\/en\/wp-json\/wp\/v2\/types\/page"}],"author":[{"embeddable":true,"href":"https:\/\/suitablesolutions.it\/en\/wp-json\/wp\/v2\/users\/1"}],"replies":[{"embeddable":true,"href":"https:\/\/suitablesolutions.it\/en\/wp-json\/wp\/v2\/comments?post=73"}],"version-history":[{"count":7,"href":"https:\/\/suitablesolutions.it\/en\/wp-json\/wp\/v2\/pages\/73\/revisions"}],"predecessor-version":[{"id":584,"href":"https:\/\/suitablesolutions.it\/en\/wp-json\/wp\/v2\/pages\/73\/revisions\/584"}],"wp:attachment":[{"href":"https:\/\/suitablesolutions.it\/en\/wp-json\/wp\/v2\/media?parent=73"}],"curies":[{"name":"wp","href":"https:\/\/api.w.org\/{rel}","templated":true}]}}